{"id":8,"date":"2014-11-11T11:47:30","date_gmt":"2014-11-11T09:47:30","guid":{"rendered":"http:\/\/schachinrecklinghausen.de\/?page_id=8"},"modified":"2023-06-27T23:34:57","modified_gmt":"2023-06-27T21:34:57","slug":"impressum","status":"publish","type":"page","link":"https:\/\/schachinrecklinghausen.de\/?page_id=8","title":{"rendered":"Impressum"},"content":{"rendered":"<p style=\"line-height: 100%;\"><span style=\"font-size: 12pt;\">\u00a0<\/span><span style=\"font-size: 10pt; font-family: verdana,geneva;\"><span style=\"font-size: 12pt;\"><strong>Recklingh\u00e4user SV S\u00fcd\/Ost 2022<\/strong><\/span><br \/>\n<\/span><\/p>\n<p style=\"line-height: 100%;\"><span style=\"font-family: verdana,geneva; font-size: 10pt;\"><strong>Spielort:<\/strong> B\u00fcrgerhaus S\u00fcd, K\u00f6rnerplatz 1, 45661 Recklinghausen -&gt;<em> <a href=\"https:\/\/www.google.de\/maps\/place\/Vestisches+Cultur-+%26+Congresszentrum\/@51.572746,7.20865,15z\/data=!4m2!3m1!1s0x0:0x2b25cea7d5c5ae79?sa=X&amp;ei=71VkVLW1NIznaqPKgugP&amp;ved=0CHkQ_BIwCw\" target=\"_blank\" rel=\"noopener\">Anfahrt<\/a><\/em><br \/>\n<\/span><\/p>\n<p style=\"line-height: 100%;\"><span style=\"font-family: verdana,geneva; font-size: 10pt;\">Der Verein wird vom Vorstand vertreten.<br \/>\n<\/span><\/p>\n<p style=\"line-height: 100%;\"><span style=\"font-size: 10pt; font-family: verdana,geneva;\">Vorstand im Sinne des \u00a7 26 BGB ist allein der 1. Vorsitzende<\/span><\/p>\n<p style=\"line-height: 100%;\"><span style=\"font-family: verdana,geneva; font-size: 10pt;\"><strong>1. Vorsitzender:<\/strong> Heinrich Balke<\/span><\/p>\n<p><span style=\"font-family: verdana,geneva; font-size: 10pt;\">Verantwortliche f\u00fcr den Inhalt auf diesen Seiten(ausgenommen sind die verlinkten Seiten)<\/span><\/p>\n<p style=\"line-height: 100%;\"><span style=\"font-family: verdana,geneva; font-size: 10pt;\">Heinrich Balke, Speckhorner Str. 187 , 45659 Recklinghausen<\/span><\/p>\n<p style=\"line-height: 100%;\"><span style=\"font-family: verdana,geneva; font-size: 10pt;\">Tel.: Tel.: 02361-485799<\/span><\/p>\n<p style=\"line-height: 100%;\"><span style=\"font-family: verdana,geneva; font-size: 10pt;\"> email: vorstand(at)rsv-so-2022.de<br \/>\n<\/span><\/p>\n<hr \/>\n<p style=\"line-height: 100%;\"><strong><span style=\"font-size: medium; font-family: Arial;\">HAFTUNGSAUSSCHLUSS<\/span><\/strong><span style=\"font-family: Verdana; font-size: 12px;\"><br \/>\n<\/span><\/p>\n<div class=\"postentry\">\n<p><span style=\"font-family: verdana,geneva; font-size: 10pt;\"><strong>Allgemeiner Haftungsausschluss:<\/strong><\/span><br \/>\n<span style=\"font-family: verdana,geneva; font-size: 10pt;\"> Wir \u00fcbernehmen trotz gr\u00f6\u00dftm\u00f6glicher Sorgfalt keinerlei Gew\u00e4hr f\u00fcr die Aktualit\u00e4t, Korrektheit, Vollst\u00e4ndigkeit oder Qualit\u00e4t der von uns bereitgestellten Informationen.<\/span><br \/>\n<span style=\"font-family: verdana,geneva; font-size: 10pt;\"> Haftungsanspr\u00fcche gegen uns, die sich auf Sch\u00e4den materieller oder immaterieller sowie finanzieller Art beziehen, welche durch die Nutzung oder Nichtnutzung der dargebotenen Informationen, durch die Nutzung fehlerhafter und unvollst\u00e4ndiger Informationen bzw die Verwendung der angebotenen Software verursacht wurden, sind grunds\u00e4tzlich ausgeschlossen, auch wenn unsererseits kein nachweislich vors\u00e4tzliches oder grob fahrl\u00e4ssiges Verschulden vorliegt.<\/span><br \/>\n<span style=\"font-family: verdana,geneva; font-size: 10pt;\"> Alle Angebote sind freibleibend und unverbindlich. Wir behalten uns ausdr\u00fccklich vor, Teile der Seiten oder das gesamte Angebot ohne gesonderte Ank\u00fcndigung zu ver\u00e4ndern, zu erg\u00e4nzen, zu l\u00f6schen oder die Ver\u00f6ffentlichung zeitweise oder endg\u00fcltig einzustellen.<\/span><\/p>\n<p><span style=\"font-family: verdana,geneva; font-size: 10pt;\"><strong>Ausschluss der Haftung f\u00fcr Inhalte fremder Internetseiten (\u201eLinks\u201c)<\/strong>:<\/span><br \/>\n<span style=\"font-family: verdana,geneva; font-size: 10pt;\"> Bei direkten oder indirekten Verweisen auf fremde Internetseiten, die au\u00dferhalb meines Verantwortungsbereiches liegen, trifft uns keine Haftung. F\u00fcr illegale, fehlerhafte oder unvollst\u00e4ndige Inhalte und insbesondere f\u00fcr Sch\u00e4den, die aus der Nutzung oder Nichtnutzung solcherart dargebotener Informationen entstehen, haftet allein der Anbieter der verkn\u00fcpften Seite.<\/span><br \/>\n<span style=\"font-family: verdana,geneva; font-size: 10pt;\"> Alle Links auf unseren Seiten sind lediglich als Empfehlung zu werten, es sei denn, wir haben einen Link entsprechend anders kommentiert. Wir verlinken Internetseiten \u2013 ohne uns deren Inhalt zu eigen zu machen \u2013 lediglich, um weiterf\u00fchrende Informationen zu bestimmten Themen anzubieten. Dabei kann es vorkommen, dass die referenzierten Inhalte sich ohne unser Wissen \u00e4ndern. Es ist uns nicht zuzumuten, alle Links auf meinen Seiten st\u00e4ndig danach zu kontrollieren, ob sich die verkn\u00fcpften Seiten noch in dem Zustand befinden, in dem sie waren, als wir einen Link darauf gesetzt oder sie zuletzt \u00fcberpr\u00fcft haben.<\/span><br \/>\n<span style=\"font-family: verdana,geneva; font-size: 10pt;\"> Wenn Sie der Meinung sein sollten, dass ein Link auf unseren Internetseiten eine zivilrechtliche oder strafrechtliche Verantwortlichkeit ausl\u00f6sen k\u00f6nnte, geben Sie uns bitte Bescheid, damit wir diesen Verweis ggfs entfernen k\u00f6nnen.<\/span><\/p>\n<p><span style=\"font-family: verdana,geneva; font-size: 10pt;\"><strong>Urheberrechte<\/strong>:<\/span><br \/>\n<span style=\"font-family: verdana,geneva; font-size: 10pt;\"> Bei hier verwendetem Bildmaterial handelt es sich unserer Kenntnis nach um lizenzfreie, jedoch urheberrechtlich gesch\u00fctzte Daten. Sollten wir insofern falsch informiert sein und unbeabsichtigt gegen urheber- oder lizenzrechtliche Bestimmungen versto\u00dfen, gen\u00fcgt ein entsprechend verifizierbarer Hinweis, um uns zur sofortiger L\u00f6schung des genutzten Bildmaterials zu veranlassen.<\/span><br \/>\n<span style=\"font-family: verdana,geneva; font-size: 10pt;\"> Alle innerhalb unseres Internetangebots genannten und ggfs durch Dritte gesch\u00fctzten Marken- und Warenzeichen unterliegen uneingeschr\u00e4nkt den Bestimmungen des jeweils g\u00fcltigen Kennzeichenrechts und den Besitzrechten der jeweiligen eingetragenen Eigent\u00fcmer. Allein aufgrund der blo\u00dfen Nennung ist nicht der Schluss zu ziehen, dass Markenzeichen nicht durch Rechte Dritter gesch\u00fctzt sind.<\/span><br \/>\n<span style=\"font-family: verdana,geneva; font-size: 10pt;\"> Im \u00fcbrigen unterliegt die gesamte Gestaltung dieser Webseiten unserem Urheberrecht und \/ oder anderen Schutzrechten. Alle Rechte auf Nutzung, weitere Ver\u00f6ffentlichung in gedruckter, elektronischer oder sonstiger Form bleiben vorbehalten. Jede Vervielf\u00e4ltigung, Verbreitung oder Nutzung f\u00fcr kommerzielle Zwecke ist untersagt.<\/span><\/p>\n<p><span style=\"font-family: verdana,geneva; font-size: 10pt;\"><strong>Salvatorische Klausel:<\/strong><\/span><br \/>\n<span style=\"font-family: verdana,geneva; font-size: 10pt;\"> Vorstehende Bedingungen sind als Teil des Internetangebots zu betrachten, von dem aus auf diese Seite verwiesen wurde. Sollten einzelne Formulierungen unwirksam sein oder werden, bleibt die Wirksamkeit der \u00fcbrigen Bestimmungen hiervon unber\u00fchrt.<\/span><\/p>\n<\/div>\n","protected":false},"excerpt":{"rendered":"<p>\u00a0Recklingh\u00e4user SV S\u00fcd\/Ost 2022 Spielort: B\u00fcrgerhaus S\u00fcd, K\u00f6rnerplatz 1, 45661 Recklinghausen -&gt; Anfahrt Der Verein wird vom Vorstand vertreten. Vorstand im Sinne des \u00a7 26 BGB ist allein der 1. Vorsitzende 1. Vorsitzender: Heinrich Balke Verantwortliche f\u00fcr den Inhalt auf diesen Seiten(ausgenommen sind die verlinkten Seiten) Heinrich Balke, Speckhorner Str. 187 , 45659 Recklinghausen Tel.: &#8230; <span class=\"more\"><a class=\"more-link\" href=\"https:\/\/schachinrecklinghausen.de\/?page_id=8\">[Read more&#8230;]<\/a><\/span><\/p>\n","protected":false},"author":3,"featured_media":0,"parent":0,"menu_order":6,"comment_status":"closed","ping_status":"closed","template":"","meta":{"ngg_post_thumbnail":0},"_links":{"self":[{"href":"https:\/\/schachinrecklinghausen.de\/index.php?rest_route=\/wp\/v2\/pages\/8"}],"collection":[{"href":"https:\/\/schachinrecklinghausen.de\/index.php?rest_route=\/wp\/v2\/pages"}],"about":[{"href":"https:\/\/schachinrecklinghausen.de\/index.php?rest_route=\/wp\/v2\/types\/page"}],"author":[{"embeddable":true,"href":"https:\/\/schachinrecklinghausen.de\/index.php?rest_route=\/wp\/v2\/users\/3"}],"replies":[{"embeddable":true,"href":"https:\/\/schachinrecklinghausen.de\/index.php?rest_route=%2Fwp%2Fv2%2Fcomments&post=8"}],"version-history":[{"count":28,"href":"https:\/\/schachinrecklinghausen.de\/index.php?rest_route=\/wp\/v2\/pages\/8\/revisions"}],"predecessor-version":[{"id":15714,"href":"https:\/\/schachinrecklinghausen.de\/index.php?rest_route=\/wp\/v2\/pages\/8\/revisions\/15714"}],"wp:attachment":[{"href":"https:\/\/schachinrecklinghausen.de\/index.php?rest_route=%2Fwp%2Fv2%2Fmedia&parent=8"}],"curies":[{"name":"wp","href":"https:\/\/api.w.org\/{rel}","templated":true}]}}